{"id":3173,"date":"2023-08-14T15:54:23","date_gmt":"2023-08-14T19:54:23","guid":{"rendered":"https:\/\/eeyou.dev.s3-cc-consultants.ca\/politique-de-confidentialite\/"},"modified":"2024-03-15T09:40:48","modified_gmt":"2024-03-15T13:40:48","slug":"politique-de-confidentialite","status":"publish","type":"page","link":"https:\/\/eeyou.ca\/fr\/politique-de-confidentialite\/","title":{"rendered":"Politique de confidentialit\u00e9"},"content":{"rendered":"\t\t<div data-elementor-type=\"wp-page\" data-elementor-id=\"3173\" class=\"elementor elementor-3173 elementor-3\" data-elementor-settings=\"{&quot;ha_cmc_init_switcher&quot;:&quot;no&quot;}\" data-elementor-post-type=\"page\">\n\t\t\t\t\t\t<section class=\"elementor-section elementor-top-section elementor-element elementor-element-18fdf15 elementor-section-height-min-height elementor-section-boxed elementor-section-height-default elementor-section-items-middle\" data-id=\"18fdf15\" data-element_type=\"section\" data-e-type=\"section\" data-settings=\"{&quot;background_background&quot;:&quot;classic&quot;,&quot;_ha_eqh_enable&quot;:false}\">\n\t\t\t\t\t\t\t<div class=\"elementor-background-overlay\"><\/div>\n\t\t\t\t\t\t\t<div class=\"elementor-container elementor-column-gap-default\">\n\t\t\t\t\t<div class=\"elementor-column elementor-col-100 elementor-top-column elementor-element elementor-element-9c1ea28\" data-id=\"9c1ea28\" data-element_type=\"column\" data-e-type=\"column\" data-settings=\"{&quot;background_background&quot;:&quot;classic&quot;}\">\n\t\t\t<div class=\"elementor-widget-wrap\">\n\t\t\t\t\t\t\t<\/div>\n\t\t<\/div>\n\t\t\t\t\t<\/div>\n\t\t<\/section>\n\t\t\t\t<section class=\"elementor-section elementor-top-section elementor-element elementor-element-e0c4ccb elementor-section-height-min-height elementor-section-items-stretch elementor-section-boxed elementor-section-height-default\" data-id=\"e0c4ccb\" data-element_type=\"section\" data-e-type=\"section\" data-settings=\"{&quot;background_background&quot;:&quot;classic&quot;,&quot;_ha_eqh_enable&quot;:false}\">\n\t\t\t\t\t\t<div class=\"elementor-container elementor-column-gap-default\">\n\t\t\t\t\t<div class=\"elementor-column elementor-col-100 elementor-top-column elementor-element elementor-element-6820129\" data-id=\"6820129\" data-element_type=\"column\" data-e-type=\"column\" data-settings=\"{&quot;background_background&quot;:&quot;classic&quot;}\">\n\t\t\t<div class=\"elementor-widget-wrap elementor-element-populated\">\n\t\t\t\t\t\t<div class=\"elementor-element elementor-element-15afd93 elementor-widget elementor-widget-heading\" data-id=\"15afd93\" data-element_type=\"widget\" data-e-type=\"widget\" data-widget_type=\"heading.default\">\n\t\t\t\t<div class=\"elementor-widget-container\">\n\t\t\t\t\t<h1 class=\"elementor-heading-title elementor-size-default\">Politique de confidentialit\u00e9<\/h1>\t\t\t\t<\/div>\n\t\t\t\t<\/div>\n\t\t\t\t\t<\/div>\n\t\t<\/div>\n\t\t\t\t\t<\/div>\n\t\t<\/section>\n\t\t<div class=\"elementor-element elementor-element-7d2f3b8a e-flex e-con-boxed e-con e-parent\" data-id=\"7d2f3b8a\" data-element_type=\"container\" data-e-type=\"container\" data-settings=\"{&quot;_ha_eqh_enable&quot;:false}\">\n\t\t\t\t\t<div class=\"e-con-inner\">\n\t\t\t\t<div class=\"elementor-element elementor-element-43f95d0b elementor-widget elementor-widget-text-editor\" data-id=\"43f95d0b\" data-element_type=\"widget\" data-e-type=\"widget\" data-widget_type=\"text-editor.default\">\n\t\t\t\t<div class=\"elementor-widget-container\">\n\t\t\t\t\t\t\t\t\t<h5>NOM ET COORDONN\u00c9ES DE L\u2019ENTREPRISE<\/h5>\n<p>Eeyou Communications<br>Si\u00e8ge social <\/p>\n<p>187 rue Principale, Mistissini, QC G0W 1C0 <\/p>\n<p> <\/p>\n<h5>DESCRIPTION DES ACTIVIT\u00c9S DE L\u2019ENTREPRISE<\/h5>\n<p>Eeyou Communications est une corporation \u00e0 but non lucratif en t\u00e9l\u00e9communications fournissant des services de transporteur \u00e0 large bande pour les communaut\u00e9s cries du Eeyou Istchee ainsi que pour les municipalit\u00e9s de la r\u00e9gion de la Baie-James.<\/p>\n<p> <\/p>\n<h5>NATURE DES RENSEIGNEMENTS PERSONNELS COLLECT\u00c9S<\/h5>\n<p>Nous collectons les renseignements personnels des candidats qui postulent sur notre site web ainsi que les informations de base pour bien identifier un client qui communique avec nous via le site web.<\/p>\n<p>Les renseignements personnels collect\u00e9s sont les suivants :<\/p>\n<ul>\n<li>Nom et pr\u00e9nom<\/li>\n<li>Adresse postale<\/li>\n<li>Adresse \u00e9lectronique<\/li>\n<li>Num\u00e9ro de t\u00e9l\u00e9phone<\/li>\n<li>Exp\u00e9rience professionnelle<\/li>\n<li>Formation acad\u00e9mique<\/li>\n<li>Comp\u00e9tences professionnelles<\/li>\n<li>R\u00e9f\u00e9rences<\/li>\n<li>Toute information mentionn\u00e9e par le candidat, pertinente dans le processus de recrutement<\/li>\n<li>Toute information pertinente fournie par le client concernant son dossier sur notre r\u00e9seau.<\/li>\n<\/ul>\n<p> <\/p>\n<h5>FINS DE LA COLLECTE DE RENSEIGNEMENTS PERSONNELS<\/h5>\n<p>Les renseignements personnels sont recueillis dans le but de :<\/p>\n<ul>\n<li>\u00c9valuer l\u2019ad\u00e9quation des candidats avec les offres d\u2019emploi disponible<\/li>\n<li>Communiquer avec les candidats tout au long du processus de recrutement<\/li>\n<li>R\u00e9pondre aux demandes d\u2019informations d\u2019un client sur notre r\u00e9seau<\/li>\n<\/ul>\n<p> <\/p>\n<h5>MOYENS TECHNOLOGIQUES DE COLLECTE<\/h5>\n<p>Les renseignements personnels sont collect\u00e9s par le biais du formulaire de candidature disponible sur notre site web, ainsi que par des courriels \u00e9chang\u00e9s avec les candidats.<\/p>\n<p>Les renseignements personnels des clients sont collect\u00e9s par le biais de questions demand\u00e9es par les clients sur notre site web ainsi que par des courriels \u00e9chang\u00e9s avec les clients.<\/p>\n<p> <\/p>\n<h5>COMMUNICATION DE RENSEIGNEMENTS PERSONNELS HORS QU\u00c9BEC<\/h5>\n<p>Les renseignements personnels collect\u00e9s sont exclusivement utilis\u00e9s \u00e0 l\u2019int\u00e9rieur du Qu\u00e9bec, sauf indication contraire explicite. Dans le cas d\u2019une communication de renseignements personnels d\u2019un candidat \u00e0 l\u2019ext\u00e9rieur du Qu\u00e9bec, un nouveau consentement d\u00e9taill\u00e9 sera demand\u00e9 qui respectera au moins les m\u00eames param\u00e8tres de confidentialit\u00e9 initiaux, conform\u00e9ment \u00e0 la loi.<\/p>\n<h4> <\/h4>\n<h5>DROIT DE RETRAIT DE CONSENTEMENT<\/h5>\n<p>Les candidats et les clients ont le droit de retirer leur consentement \u00e0 tout moment quant \u00e0 la communication ou \u00e0 l\u2019utilisation de leurs renseignements personnels. Dans ce cas, leur candidature et tout renseignement personnel concernant le client ou le candidat seront supprim\u00e9s de nos syst\u00e8mes. Pour exercer ce droit, veuillez contacter notre responsable de la protection des renseignements personnels.<\/p>\n<h4> <\/h4>\n<h5>COMMUNICATION DES RENSEIGNEMENTS \u00c0 DES TIERS<\/h5>\n<p>Les renseignements personnels des candidats ou des clients ne seront communiqu\u00e9s qu\u2019aux parties prenantes internes impliqu\u00e9es dans le processus de recrutement ou pour la recherche dans le dossier du client. En aucun cas, ces renseignements ne seront vendus ou communiqu\u00e9s \u00e0 des tiers \u00e0 des fins de marketing.<\/p>\n<h4> <\/h4>\n<h5>DUR\u00c9E DE CONSERVATION DES RENSEIGNEMENTS<\/h5>\n<p>Les renseignements personnels des candidats seront conserv\u00e9s pendant une p\u00e9riode de deux ans \u00e0 compter de la date de soumission de leur candidature, sauf indication contraire explicite.<\/p>\n<h4> <\/h4>\n<h5>MESURES DE S\u00c9CURIT\u00c9<\/h5>\n<p>Nous avons mis en place des mesures de s\u00e9curit\u00e9 appropri\u00e9es pour prot\u00e9ger les renseignements personnels des candidats et des clients contre tout acc\u00e8s non autoris\u00e9, divulgation, modification ou destruction. Seuls les membres autoris\u00e9s de notre \u00e9quipe ont acc\u00e8s \u00e0 vos renseignements personnels. Chaque membre de notre \u00e9quipe est soumis \u00e0 des obligations de confidentialit\u00e9.<\/p>\n<p>L\u2019acc\u00e8s aux bases de donn\u00e9es contenant des renseignements personnels est restreint et surveill\u00e9 en permanence.<\/p>\n<p>Les appareils utilis\u00e9s dans le cadre de la collecte et du traitement des renseignements personnels sont obligatoirement conformes \u00e0 des crit\u00e8res de s\u00e9curit\u00e9 qui minimise les risques d\u2019incidents.<\/p>\n<h4> <\/h4>\n<h5>COORDONN\u00c9ES DU RESPONSABLE DE LA PROTECTION DES RENSEIGNEMENTS PERSONNELS<\/h5>\n<p>Pour toute question relative \u00e0 notre politique de confidentialit\u00e9 ou pour exercer vos droits en mati\u00e8re de protection des renseignements personnels, veuillez contacter la direction des ressources humaines \u00e0 l\u2019adresse suivante: rh@eeyou.ca<\/p>\n<h4> <\/h4>\n<h5>DATE DE MISE \u00c0 JOUR DE LA POLITIQUE<\/h5>\n<p>Toute mise \u00e0 jour ult\u00e9rieure sera publi\u00e9e sur notre site web, et la date de la derni\u00e8re mise \u00e0 jour sera r\u00e9vis\u00e9e en cons\u00e9quence.<\/p>\n<h6><strong><em>Politique mise \u00e0 jour le 1er mars 2024<\/em><\/strong><\/h6>\t\t\t\t\t\t\t\t<\/div>\n\t\t\t\t<\/div>\n\t\t\t\t\t<\/div>\n\t\t\t\t<\/div>\n\t\t\t\t<\/div>\n\t\t","protected":false},"excerpt":{"rendered":"<p>Politique de confidentialit\u00e9 NOM ET COORDONN\u00c9ES DE L\u2019ENTREPRISE Eeyou CommunicationsSi\u00e8ge social 187 rue Principale, Mistissini, QC G0W 1C0 DESCRIPTION DES ACTIVIT\u00c9S DE L\u2019ENTREPRISE Eeyou Communications est une corporation \u00e0 but non lucratif en t\u00e9l\u00e9communications fournissant des services de transporteur \u00e0 large bande pour les communaut\u00e9s cries du Eeyou Istchee ainsi que pour les municipalit\u00e9s de [&hellip;]<\/p>\n","protected":false},"author":1,"featured_media":0,"parent":0,"menu_order":0,"comment_status":"closed","ping_status":"closed","template":"","meta":{"_acf_changed":false,"inline_featured_image":false,"footnotes":""},"class_list":["post-3173","page","type-page","status-publish","hentry"],"acf":[],"yoast_head":"<!-- This site is optimized with the Yoast SEO plugin v27.3 - https:\/\/yoast.com\/product\/yoast-seo-wordpress\/ -->\n<title>Politique de confidentialit\u00e9 - Eeyou<\/title>\n<meta name=\"robots\" content=\"index, follow, max-snippet:-1, max-image-preview:large, max-video-preview:-1\" \/>\n<link rel=\"canonical\" href=\"https:\/\/eeyou.ca\/fr\/politique-de-confidentialite\/\" \/>\n<meta property=\"og:locale\" content=\"fr_CA\" \/>\n<meta property=\"og:type\" content=\"article\" \/>\n<meta property=\"og:title\" content=\"Politique de confidentialit\u00e9 - Eeyou\" \/>\n<meta property=\"og:description\" content=\"Politique de confidentialit\u00e9 NOM ET COORDONN\u00c9ES DE L\u2019ENTREPRISE Eeyou CommunicationsSi\u00e8ge social 187 rue Principale, Mistissini, QC G0W 1C0 DESCRIPTION DES ACTIVIT\u00c9S DE L\u2019ENTREPRISE Eeyou Communications est une corporation \u00e0 but non lucratif en t\u00e9l\u00e9communications fournissant des services de transporteur \u00e0 large bande pour les communaut\u00e9s cries du Eeyou Istchee ainsi que pour les municipalit\u00e9s de [&hellip;]\" \/>\n<meta property=\"og:url\" content=\"https:\/\/eeyou.ca\/fr\/politique-de-confidentialite\/\" \/>\n<meta property=\"og:site_name\" content=\"Eeyou\" \/>\n<meta property=\"article:modified_time\" content=\"2024-03-15T13:40:48+00:00\" \/>\n<meta name=\"twitter:card\" content=\"summary_large_image\" \/>\n<meta name=\"twitter:label1\" content=\"Estimation du temps de lecture\" \/>\n\t<meta name=\"twitter:data1\" content=\"4 minutes\" \/>\n<script type=\"application\/ld+json\" class=\"yoast-schema-graph\">{\"@context\":\"https:\\\/\\\/schema.org\",\"@graph\":[{\"@type\":\"WebPage\",\"@id\":\"https:\\\/\\\/eeyou.ca\\\/fr\\\/politique-de-confidentialite\\\/\",\"url\":\"https:\\\/\\\/eeyou.ca\\\/fr\\\/politique-de-confidentialite\\\/\",\"name\":\"Politique de confidentialit\u00e9 - Eeyou\",\"isPartOf\":{\"@id\":\"https:\\\/\\\/eeyou.ca\\\/fr\\\/#website\"},\"datePublished\":\"2023-08-14T19:54:23+00:00\",\"dateModified\":\"2024-03-15T13:40:48+00:00\",\"breadcrumb\":{\"@id\":\"https:\\\/\\\/eeyou.ca\\\/fr\\\/politique-de-confidentialite\\\/#breadcrumb\"},\"inLanguage\":\"fr-CA\",\"potentialAction\":[{\"@type\":\"ReadAction\",\"target\":[\"https:\\\/\\\/eeyou.ca\\\/fr\\\/politique-de-confidentialite\\\/\"]}]},{\"@type\":\"BreadcrumbList\",\"@id\":\"https:\\\/\\\/eeyou.ca\\\/fr\\\/politique-de-confidentialite\\\/#breadcrumb\",\"itemListElement\":[{\"@type\":\"ListItem\",\"position\":1,\"name\":\"Accueil\",\"item\":\"https:\\\/\\\/eeyou.ca\\\/fr\\\/\"},{\"@type\":\"ListItem\",\"position\":2,\"name\":\"Politique de confidentialit\u00e9\"}]},{\"@type\":\"WebSite\",\"@id\":\"https:\\\/\\\/eeyou.ca\\\/fr\\\/#website\",\"url\":\"https:\\\/\\\/eeyou.ca\\\/fr\\\/\",\"name\":\"Eeyou\",\"description\":\"\",\"publisher\":{\"@id\":\"https:\\\/\\\/eeyou.ca\\\/fr\\\/#organization\"},\"potentialAction\":[{\"@type\":\"SearchAction\",\"target\":{\"@type\":\"EntryPoint\",\"urlTemplate\":\"https:\\\/\\\/eeyou.ca\\\/fr\\\/?s={search_term_string}\"},\"query-input\":{\"@type\":\"PropertyValueSpecification\",\"valueRequired\":true,\"valueName\":\"search_term_string\"}}],\"inLanguage\":\"fr-CA\"},{\"@type\":\"Organization\",\"@id\":\"https:\\\/\\\/eeyou.ca\\\/fr\\\/#organization\",\"name\":\"Eeyou\",\"url\":\"https:\\\/\\\/eeyou.ca\\\/fr\\\/\",\"logo\":{\"@type\":\"ImageObject\",\"inLanguage\":\"fr-CA\",\"@id\":\"https:\\\/\\\/eeyou.ca\\\/fr\\\/#\\\/schema\\\/logo\\\/image\\\/\",\"url\":\"https:\\\/\\\/eeyou.ca\\\/wp-content\\\/uploads\\\/2023\\\/08\\\/Eeyou-Communications_logo-blanc.svg\",\"contentUrl\":\"https:\\\/\\\/eeyou.ca\\\/wp-content\\\/uploads\\\/2023\\\/08\\\/Eeyou-Communications_logo-blanc.svg\",\"width\":1004,\"height\":305,\"caption\":\"Eeyou\"},\"image\":{\"@id\":\"https:\\\/\\\/eeyou.ca\\\/fr\\\/#\\\/schema\\\/logo\\\/image\\\/\"}}]}<\/script>\n<!-- \/ Yoast SEO plugin. -->","yoast_head_json":{"title":"Politique de confidentialit\u00e9 - Eeyou","robots":{"index":"index","follow":"follow","max-snippet":"max-snippet:-1","max-image-preview":"max-image-preview:large","max-video-preview":"max-video-preview:-1"},"canonical":"https:\/\/eeyou.ca\/fr\/politique-de-confidentialite\/","og_locale":"fr_CA","og_type":"article","og_title":"Politique de confidentialit\u00e9 - Eeyou","og_description":"Politique de confidentialit\u00e9 NOM ET COORDONN\u00c9ES DE L\u2019ENTREPRISE Eeyou CommunicationsSi\u00e8ge social 187 rue Principale, Mistissini, QC G0W 1C0 DESCRIPTION DES ACTIVIT\u00c9S DE L\u2019ENTREPRISE Eeyou Communications est une corporation \u00e0 but non lucratif en t\u00e9l\u00e9communications fournissant des services de transporteur \u00e0 large bande pour les communaut\u00e9s cries du Eeyou Istchee ainsi que pour les municipalit\u00e9s de [&hellip;]","og_url":"https:\/\/eeyou.ca\/fr\/politique-de-confidentialite\/","og_site_name":"Eeyou","article_modified_time":"2024-03-15T13:40:48+00:00","twitter_card":"summary_large_image","twitter_misc":{"Estimation du temps de lecture":"4 minutes"},"schema":{"@context":"https:\/\/schema.org","@graph":[{"@type":"WebPage","@id":"https:\/\/eeyou.ca\/fr\/politique-de-confidentialite\/","url":"https:\/\/eeyou.ca\/fr\/politique-de-confidentialite\/","name":"Politique de confidentialit\u00e9 - Eeyou","isPartOf":{"@id":"https:\/\/eeyou.ca\/fr\/#website"},"datePublished":"2023-08-14T19:54:23+00:00","dateModified":"2024-03-15T13:40:48+00:00","breadcrumb":{"@id":"https:\/\/eeyou.ca\/fr\/politique-de-confidentialite\/#breadcrumb"},"inLanguage":"fr-CA","potentialAction":[{"@type":"ReadAction","target":["https:\/\/eeyou.ca\/fr\/politique-de-confidentialite\/"]}]},{"@type":"BreadcrumbList","@id":"https:\/\/eeyou.ca\/fr\/politique-de-confidentialite\/#breadcrumb","itemListElement":[{"@type":"ListItem","position":1,"name":"Accueil","item":"https:\/\/eeyou.ca\/fr\/"},{"@type":"ListItem","position":2,"name":"Politique de confidentialit\u00e9"}]},{"@type":"WebSite","@id":"https:\/\/eeyou.ca\/fr\/#website","url":"https:\/\/eeyou.ca\/fr\/","name":"Eeyou","description":"","publisher":{"@id":"https:\/\/eeyou.ca\/fr\/#organization"},"potentialAction":[{"@type":"SearchAction","target":{"@type":"EntryPoint","urlTemplate":"https:\/\/eeyou.ca\/fr\/?s={search_term_string}"},"query-input":{"@type":"PropertyValueSpecification","valueRequired":true,"valueName":"search_term_string"}}],"inLanguage":"fr-CA"},{"@type":"Organization","@id":"https:\/\/eeyou.ca\/fr\/#organization","name":"Eeyou","url":"https:\/\/eeyou.ca\/fr\/","logo":{"@type":"ImageObject","inLanguage":"fr-CA","@id":"https:\/\/eeyou.ca\/fr\/#\/schema\/logo\/image\/","url":"https:\/\/eeyou.ca\/wp-content\/uploads\/2023\/08\/Eeyou-Communications_logo-blanc.svg","contentUrl":"https:\/\/eeyou.ca\/wp-content\/uploads\/2023\/08\/Eeyou-Communications_logo-blanc.svg","width":1004,"height":305,"caption":"Eeyou"},"image":{"@id":"https:\/\/eeyou.ca\/fr\/#\/schema\/logo\/image\/"}}]}},"_links":{"self":[{"href":"https:\/\/eeyou.ca\/fr\/wp-json\/wp\/v2\/pages\/3173","targetHints":{"allow":["GET"]}}],"collection":[{"href":"https:\/\/eeyou.ca\/fr\/wp-json\/wp\/v2\/pages"}],"about":[{"href":"https:\/\/eeyou.ca\/fr\/wp-json\/wp\/v2\/types\/page"}],"author":[{"embeddable":true,"href":"https:\/\/eeyou.ca\/fr\/wp-json\/wp\/v2\/users\/1"}],"replies":[{"embeddable":true,"href":"https:\/\/eeyou.ca\/fr\/wp-json\/wp\/v2\/comments?post=3173"}],"version-history":[{"count":0,"href":"https:\/\/eeyou.ca\/fr\/wp-json\/wp\/v2\/pages\/3173\/revisions"}],"wp:attachment":[{"href":"https:\/\/eeyou.ca\/fr\/wp-json\/wp\/v2\/media?parent=3173"}],"curies":[{"name":"wp","href":"https:\/\/api.w.org\/{rel}","templated":true}]}}